{"id":227,"date":"2014-06-15T03:27:05","date_gmt":"2014-06-15T01:27:05","guid":{"rendered":"http:\/\/www.kilin.it\/web\/?page_id=227"},"modified":"2016-03-02T16:57:29","modified_gmt":"2016-03-02T15:57:29","slug":"home","status":"publish","type":"page","link":"https:\/\/www.kilin.it\/web\/","title":{"rendered":""},"content":{"rendered":"<div id=\"content\">\n<div id=\"post-16\" class=\"post-16 post type-post status-publish format-standard has-post-thumbnail hentry category-azienda post clearfix\">\n<p><strong>Kilin<\/strong>, \u00e8 l\u2019innovativa soluzione web realizzata per soddisfare le esigenze di ogni tipo di struttura ricettiva, quali hotel, alberghi, bad &amp; breakfast, motel, ecc; modulare e multi struttura permette una semplice ed\u00a0 immediata operativit\u00e0 con ogni tipo di device e sistema operativo riducendo cos\u00ec gli investimenti ed aumentando la resa grazie ai servizi online collegabili anche ai circuiti di prenotazione pi\u00f9 diffusi ti aiuta a farti scegliere!<\/p>\n<h3 class=\"entry clearfix\">Kilin Hotel<\/h3>\n<div class=\"entry clearfix\"><img loading=\"lazy\" decoding=\"async\" class=\"alignleft featured_image wp-post-image\" src=\"https:\/\/www.kilin.it\/web\/wp-content\/uploads\/2012\/10\/Slide_Software_Gestionale_Hotel-210x66.jpg\" alt=\"Slide_Software_Gestionale_Hotel\" width=\"200\" height=\"62\" \/><\/div>\n<div class=\"entry clearfix\"><\/div>\n<div class=\"entry clearfix\"><\/div>\n<div class=\"entry clearfix\"><\/div>\n<div class=\"entry clearfix\"><\/div>\n<div class=\"entry clearfix\">Software per Hotel, Alberghi, Agriturismo, Bed &amp; Breakfast, Strutture Ricettive, Booking Center, Spiagge, Campeggi.<\/div>\n<h3 class=\"entry clearfix\"><\/h3>\n<h3 class=\"entry clearfix\">Kilin Agriturismo<\/h3>\n<div class=\"entry clearfix\"><img loading=\"lazy\" decoding=\"async\" class=\"alignleft featured_image wp-post-image\" src=\"https:\/\/www.kilin.it\/web\/wp-content\/uploads\/2012\/10\/Slide_Software_Gestionale_Agriturismo-210x66.jpg\" alt=\"Slide_Software_Gestionale_Agriturismo\" width=\"200\" height=\"62\" \/><\/div>\n<div class=\"entry clearfix\"><\/div>\n<div class=\"entry clearfix\"><\/div>\n<div class=\"entry clearfix\"><\/div>\n<div class=\"entry clearfix\"><\/div>\n<div class=\"entry clearfix\">Software Gestionale per Agriturimo e Strutture Ricettive in Genere.<\/div>\n<h3 class=\"entry clearfix\"><\/h3>\n<h3 class=\"entry clearfix\">Kilin Spiaggia<\/h3>\n<div class=\"entry clearfix\"><img loading=\"lazy\" decoding=\"async\" class=\"alignleft featured_image wp-post-image\" src=\"https:\/\/www.kilin.it\/web\/wp-content\/uploads\/2012\/10\/Slide_Software_Gestionale_Spiagge-210x66.jpg\" alt=\"Slide_Software_Gestionale_Spiagge\" width=\"200\" height=\"62\" \/><\/div>\n<div class=\"entry clearfix\"><\/div>\n<div class=\"entry clearfix\"><\/div>\n<div class=\"entry clearfix\"><\/div>\n<div class=\"entry clearfix\"><\/div>\n<div class=\"entry clearfix\">Software gestionale Web Based per la spiaggia e rispettive risorse.<\/div>\n<p>&nbsp;<\/p>\n<\/div>\n<\/div>\n","protected":false},"excerpt":{"rendered":"<p>Kilin, \u00e8 l\u2019innovativa soluzione web realizzata per soddisfare le esigenze di ogni tipo di struttura ricettiva, quali hotel, alberghi, bad<\/p>\n","protected":false},"author":1,"featured_media":0,"parent":0,"menu_order":0,"comment_status":"closed","ping_status":"closed","template":"","meta":{"footnotes":""},"class_list":["post-227","page","type-page","status-publish","hentry"],"_links":{"self":[{"href":"https:\/\/www.kilin.it\/web\/wp-json\/wp\/v2\/pages\/227","targetHints":{"allow":["GET"]}}],"collection":[{"href":"https:\/\/www.kilin.it\/web\/wp-json\/wp\/v2\/pages"}],"about":[{"href":"https:\/\/www.kilin.it\/web\/wp-json\/wp\/v2\/types\/page"}],"author":[{"embeddable":true,"href":"https:\/\/www.kilin.it\/web\/wp-json\/wp\/v2\/users\/1"}],"replies":[{"embeddable":true,"href":"https:\/\/www.kilin.it\/web\/wp-json\/wp\/v2\/comments?post=227"}],"version-history":[{"count":26,"href":"https:\/\/www.kilin.it\/web\/wp-json\/wp\/v2\/pages\/227\/revisions"}],"predecessor-version":[{"id":296,"href":"https:\/\/www.kilin.it\/web\/wp-json\/wp\/v2\/pages\/227\/revisions\/296"}],"wp:attachment":[{"href":"https:\/\/www.kilin.it\/web\/wp-json\/wp\/v2\/media?parent=227"}],"curies":[{"name":"wp","href":"https:\/\/api.w.org\/{rel}","templated":true}]}}